{"id":8,"date":"2023-07-03T17:32:12","date_gmt":"2023-07-03T20:32:12","guid":{"rendered":"https:\/\/proamedical.com.uy\/?page_id=8"},"modified":"2023-09-01T14:17:50","modified_gmt":"2023-09-01T17:17:50","slug":"proa-medical","status":"publish","type":"page","link":"https:\/\/proamedical.com.uy\/en\/","title":{"rendered":"Home"},"content":{"rendered":"","protected":false},"excerpt":{"rendered":"","protected":false},"author":1,"featured_media":0,"parent":0,"menu_order":0,"comment_status":"closed","ping_status":"closed","template":"template-homepage.php","meta":{"inline_featured_image":false,"footnotes":""},"class_list":["post-8","page","type-page","status-publish","hentry"],"yoast_head":"<!-- This site is optimized with the Yoast SEO plugin v27.3 - https:\/\/yoast.com\/product\/yoast-seo-wordpress\/ -->\n<title>Home - Proa<\/title>\n<meta name=\"description\" content=\"Somos un equipo de profesionales dedicados a brindar una experiencia completa en el \u00e1rea de la salud y est\u00e9tica. Apostamos por una filosof\u00eda de trabajo multidisciplinario, en la cual el paciente ser\u00e1 abordado desde un punto de vista integral.\" \/>\n<meta name=\"robots\" content=\"index, follow, max-snippet:-1, max-image-preview:large, max-video-preview:-1\" \/>\n<link rel=\"canonical\" href=\"https:\/\/proamedical.com.uy\/\" \/>\n<meta property=\"og:locale\" content=\"en_US\" \/>\n<meta property=\"og:type\" content=\"article\" \/>\n<meta property=\"og:title\" content=\"[:es]Inicio[:en]Home[:] - Proa\" \/>\n<meta property=\"og:description\" content=\"Somos un equipo de profesionales dedicados a brindar una experiencia completa en el \u00e1rea de la salud y est\u00e9tica. Apostamos por una filosof\u00eda de trabajo multidisciplinario, en la cual el paciente ser\u00e1 abordado desde un punto de vista integral.\" \/>\n<meta property=\"og:url\" content=\"https:\/\/proamedical.com.uy\/\" \/>\n<meta property=\"og:site_name\" content=\"Proa\" \/>\n<meta property=\"article:modified_time\" content=\"2023-09-01T17:17:50+00:00\" \/>\n<meta name=\"twitter:card\" content=\"summary_large_image\" \/>\n<script type=\"application\/ld+json\" class=\"yoast-schema-graph\">{\"@context\":\"https:\\\/\\\/schema.org\",\"@graph\":[{\"@type\":\"WebPage\",\"@id\":\"https:\\\/\\\/proamedical.com.uy\\\/\",\"url\":\"https:\\\/\\\/proamedical.com.uy\\\/\",\"name\":\"[:es]Inicio[:en]Home[:] - Proa\",\"isPartOf\":{\"@id\":\"https:\\\/\\\/proamedical.com.uy\\\/#website\"},\"datePublished\":\"2023-07-03T20:32:12+00:00\",\"dateModified\":\"2023-09-01T17:17:50+00:00\",\"description\":\"Somos un equipo de profesionales dedicados a brindar una experiencia completa en el \u00e1rea de la salud y est\u00e9tica. Apostamos por una filosof\u00eda de trabajo multidisciplinario, en la cual el paciente ser\u00e1 abordado desde un punto de vista integral.\",\"breadcrumb\":{\"@id\":\"https:\\\/\\\/proamedical.com.uy\\\/#breadcrumb\"},\"inLanguage\":\"en-US\",\"potentialAction\":[{\"@type\":\"ReadAction\",\"target\":[\"https:\\\/\\\/proamedical.com.uy\\\/\"]}]},{\"@type\":\"BreadcrumbList\",\"@id\":\"https:\\\/\\\/proamedical.com.uy\\\/#breadcrumb\",\"itemListElement\":[{\"@type\":\"ListItem\",\"position\":1,\"name\":\"Portada\",\"item\":\"https:\\\/\\\/proamedical.com.uy\\\/\"},{\"@type\":\"ListItem\",\"position\":2,\"name\":\"Inicio\"}]},{\"@type\":\"WebSite\",\"@id\":\"https:\\\/\\\/proamedical.com.uy\\\/#website\",\"url\":\"https:\\\/\\\/proamedical.com.uy\\\/\",\"name\":\"Proa Odontolog\u00eda Multidisciplinaria\",\"description\":\"Odontolog\u00eda multidisciplinaria\",\"publisher\":{\"@id\":\"https:\\\/\\\/proamedical.com.uy\\\/#organization\"},\"potentialAction\":[{\"@type\":\"SearchAction\",\"target\":{\"@type\":\"EntryPoint\",\"urlTemplate\":\"https:\\\/\\\/proamedical.com.uy\\\/?s={search_term_string}\"},\"query-input\":{\"@type\":\"PropertyValueSpecification\",\"valueRequired\":true,\"valueName\":\"search_term_string\"}}],\"inLanguage\":\"en-US\"},{\"@type\":\"Organization\",\"@id\":\"https:\\\/\\\/proamedical.com.uy\\\/#organization\",\"name\":\"Proa Odontolog\u00eda Multidisciplinaria\",\"url\":\"https:\\\/\\\/proamedical.com.uy\\\/\",\"logo\":{\"@type\":\"ImageObject\",\"inLanguage\":\"en-US\",\"@id\":\"https:\\\/\\\/proamedical.com.uy\\\/#\\\/schema\\\/logo\\\/image\\\/\",\"url\":\"https:\\\/\\\/proamedical.com.uy\\\/wp-content\\\/uploads\\\/2023\\\/07\\\/screenshot.png\",\"contentUrl\":\"https:\\\/\\\/proamedical.com.uy\\\/wp-content\\\/uploads\\\/2023\\\/07\\\/screenshot.png\",\"width\":1200,\"height\":900,\"caption\":\"Proa Odontolog\u00eda Multidisciplinaria\"},\"image\":{\"@id\":\"https:\\\/\\\/proamedical.com.uy\\\/#\\\/schema\\\/logo\\\/image\\\/\"}}]}<\/script>\n<!-- \/ Yoast SEO plugin. -->","yoast_head_json":{"title":"[:es]Inicio[:en]Home[:] - Proa","description":"Somos un equipo de profesionales dedicados a brindar una experiencia completa en el \u00e1rea de la salud y est\u00e9tica. Apostamos por una filosof\u00eda de trabajo multidisciplinario, en la cual el paciente ser\u00e1 abordado desde un punto de vista integral.","robots":{"index":"index","follow":"follow","max-snippet":"max-snippet:-1","max-image-preview":"max-image-preview:large","max-video-preview":"max-video-preview:-1"},"canonical":"https:\/\/proamedical.com.uy\/","og_locale":"en_US","og_type":"article","og_title":"[:es]Inicio[:en]Home[:] - Proa","og_description":"Somos un equipo de profesionales dedicados a brindar una experiencia completa en el \u00e1rea de la salud y est\u00e9tica. Apostamos por una filosof\u00eda de trabajo multidisciplinario, en la cual el paciente ser\u00e1 abordado desde un punto de vista integral.","og_url":"https:\/\/proamedical.com.uy\/","og_site_name":"Proa","article_modified_time":"2023-09-01T17:17:50+00:00","twitter_card":"summary_large_image","schema":{"@context":"https:\/\/schema.org","@graph":[{"@type":"WebPage","@id":"https:\/\/proamedical.com.uy\/","url":"https:\/\/proamedical.com.uy\/","name":"[:es]Inicio[:en]Home[:] - Proa","isPartOf":{"@id":"https:\/\/proamedical.com.uy\/#website"},"datePublished":"2023-07-03T20:32:12+00:00","dateModified":"2023-09-01T17:17:50+00:00","description":"Somos un equipo de profesionales dedicados a brindar una experiencia completa en el \u00e1rea de la salud y est\u00e9tica. Apostamos por una filosof\u00eda de trabajo multidisciplinario, en la cual el paciente ser\u00e1 abordado desde un punto de vista integral.","breadcrumb":{"@id":"https:\/\/proamedical.com.uy\/#breadcrumb"},"inLanguage":"en-US","potentialAction":[{"@type":"ReadAction","target":["https:\/\/proamedical.com.uy\/"]}]},{"@type":"BreadcrumbList","@id":"https:\/\/proamedical.com.uy\/#breadcrumb","itemListElement":[{"@type":"ListItem","position":1,"name":"Portada","item":"https:\/\/proamedical.com.uy\/"},{"@type":"ListItem","position":2,"name":"Inicio"}]},{"@type":"WebSite","@id":"https:\/\/proamedical.com.uy\/#website","url":"https:\/\/proamedical.com.uy\/","name":"Proa Odontolog\u00eda Multidisciplinaria","description":"Odontolog\u00eda multidisciplinaria","publisher":{"@id":"https:\/\/proamedical.com.uy\/#organization"},"potentialAction":[{"@type":"SearchAction","target":{"@type":"EntryPoint","urlTemplate":"https:\/\/proamedical.com.uy\/?s={search_term_string}"},"query-input":{"@type":"PropertyValueSpecification","valueRequired":true,"valueName":"search_term_string"}}],"inLanguage":"en-US"},{"@type":"Organization","@id":"https:\/\/proamedical.com.uy\/#organization","name":"Proa Odontolog\u00eda Multidisciplinaria","url":"https:\/\/proamedical.com.uy\/","logo":{"@type":"ImageObject","inLanguage":"en-US","@id":"https:\/\/proamedical.com.uy\/#\/schema\/logo\/image\/","url":"https:\/\/proamedical.com.uy\/wp-content\/uploads\/2023\/07\/screenshot.png","contentUrl":"https:\/\/proamedical.com.uy\/wp-content\/uploads\/2023\/07\/screenshot.png","width":1200,"height":900,"caption":"Proa Odontolog\u00eda Multidisciplinaria"},"image":{"@id":"https:\/\/proamedical.com.uy\/#\/schema\/logo\/image\/"}}]}},"_links":{"self":[{"href":"https:\/\/proamedical.com.uy\/en\/wp-json\/wp\/v2\/pages\/8","targetHints":{"allow":["GET"]}}],"collection":[{"href":"https:\/\/proamedical.com.uy\/en\/wp-json\/wp\/v2\/pages"}],"about":[{"href":"https:\/\/proamedical.com.uy\/en\/wp-json\/wp\/v2\/types\/page"}],"author":[{"embeddable":true,"href":"https:\/\/proamedical.com.uy\/en\/wp-json\/wp\/v2\/users\/1"}],"replies":[{"embeddable":true,"href":"https:\/\/proamedical.com.uy\/en\/wp-json\/wp\/v2\/comments?post=8"}],"version-history":[{"count":0,"href":"https:\/\/proamedical.com.uy\/en\/wp-json\/wp\/v2\/pages\/8\/revisions"}],"wp:attachment":[{"href":"https:\/\/proamedical.com.uy\/en\/wp-json\/wp\/v2\/media?parent=8"}],"curies":[{"name":"wp","href":"https:\/\/api.w.org\/{rel}","templated":true}]}}